{"id":1687,"date":"2013-01-25T17:25:27","date_gmt":"2013-01-25T16:25:27","guid":{"rendered":"http:\/\/www.hope-deutschland.de\/?page_id=1687"},"modified":"2026-04-04T12:31:00","modified_gmt":"2026-04-04T10:31:00","slug":"patenschaft","status":"publish","type":"page","link":"https:\/\/www.hope-deutschland.de\/?page_id=1687","title":{"rendered":"Patenschaft &#8211; Sponsorship"},"content":{"rendered":"\n<figure class=\"wp-block-gallery has-nested-images columns-default is-cropped wp-block-gallery-1 is-layout-flex wp-block-gallery-is-layout-flex\">\n<figure class=\"wp-block-image size-large\"><img loading=\"lazy\" decoding=\"async\" width=\"1180\" height=\"646\" data-id=\"4909\" src=\"https:\/\/www.hope-deutschland.de\/wp-content\/uploads\/2025\/03\/Kindergarten-lernen-1180x646.jpg\" alt=\"\" class=\"wp-image-4909\" srcset=\"https:\/\/www.hope-deutschland.de\/wp-content\/uploads\/2025\/03\/Kindergarten-lernen-1180x646.jpg 1180w, https:\/\/www.hope-deutschland.de\/wp-content\/uploads\/2025\/03\/Kindergarten-lernen-300x164.jpg 300w, https:\/\/www.hope-deutschland.de\/wp-content\/uploads\/2025\/03\/Kindergarten-lernen-768x421.jpg 768w, https:\/\/www.hope-deutschland.de\/wp-content\/uploads\/2025\/03\/Kindergarten-lernen-1536x841.jpg 1536w, https:\/\/www.hope-deutschland.de\/wp-content\/uploads\/2025\/03\/Kindergarten-lernen-2048x1122.jpg 2048w\" sizes=\"auto, (max-width: 1180px) 100vw, 1180px\" \/><figcaption class=\"wp-element-caption\">Die Kinder haben Freude am Lernen<\/figcaption><\/figure>\n<\/figure>\n\n\n\n<p><\/p>\n\n\n\n<h2 class=\"wp-block-heading\">Schon ab 20,- \u20ac im Monat k\u00f6nnen Sie ein Kind \/ Jugendlichen in Afrika\/Kenia gl\u00fccklich machen.<\/h2>\n\n\n\n<h2 class=\"wp-block-heading\">Wir vermitteln Patenschaften&nbsp; f\u00fcr Kindergartenkinder, Schulkinder in Grund- und Hauptschulen, sowie Jugendliche in weiterf\u00fchrenden Schulen.<\/h2>\n\n\n\n<p>wir haben im zur\u00fcckliegenden Jahr unsere Hilfen ausgebaut und f\u00f6rdern inzwischen auch<strong> 20 junge Heranwachsende<\/strong>, die eine Berufsausbildung absolvieren oder eine weiterf\u00fchrende Schule besuchen. Ihnen erm\u00f6glichen wir damit, sich eine Grundlage f\u00fcr ein <b>selbstst\u00e4ndiges und eigenverantwortliches Leben<\/b> zu schaffen.<\/p>\n\n\n\n<p>Da die monatlichen Kosten f\u00fcr eine Berufsausbildung oder den Besuch einer weiterf\u00fchrenden Schule sehr hoch liegen, haben wir uns entschieden, f\u00fcr diese jungen Menschen <b>Co-Patenschaften<\/b> einzurichten. Dadurch verteilen sich die <strong>anfallenden Ausbildungs- und Schulkosten auf mehrere Schultern.<\/strong><\/p>\n\n\n\n<p><\/p>\n\n\n\n<p><strong>Wir&nbsp; unterst\u00fctzen die Schulkinder mit:<\/strong><\/p>\n\n\n\n<p>&#8211; einer warme Mahlzeit t\u00e4glich<\/p>\n\n\n\n<p>&#8211; Schuluniformen, Schuhen, Schulmaterial und B\u00fccher<\/p>\n\n\n\n<p>&#8211; regelm\u00e4\u00dfiger medizinische Betreuung<\/p>\n\n\n\n<p>&#8211; wir \u00fcbernehmen die anfallenden Pr\u00fcfungsgeb\u00fchren f\u00fcr die Sch\u00fcler<\/p>\n\n\n\n<p>&#8211; wir \u00fcbernehmen die anfallenden Schulgeb\u00fchren bei Kindern und <br>&nbsp;&nbsp; Jugendlichen auf weiterf\u00fchrenden Schulen<\/p>\n\n\n\n<p><br><strong>Diese Kinder suchen noch dringend Paten:<\/strong><\/p>\n\n\n\n<figure class=\"wp-block-gallery has-nested-images columns-4 is-cropped wp-block-gallery-2 is-layout-flex wp-block-gallery-is-layout-flex\">\n<figure class=\"wp-block-image size-full\"><img loading=\"lazy\" decoding=\"async\" width=\"515\" height=\"814\" data-id=\"4365\" src=\"https:\/\/www.hope-deutschland.de\/wp-content\/uploads\/2023\/02\/Andrian-mit-seiner-Mutter.jpg\" alt=\"\" class=\"wp-image-4365\" srcset=\"https:\/\/www.hope-deutschland.de\/wp-content\/uploads\/2023\/02\/Andrian-mit-seiner-Mutter.jpg 515w, https:\/\/www.hope-deutschland.de\/wp-content\/uploads\/2023\/02\/Andrian-mit-seiner-Mutter-190x300.jpg 190w\" sizes=\"auto, (max-width: 515px) 100vw, 515px\" \/><figcaption class=\"wp-element-caption\">Andrian  (15 Jahre) besucht ab Januar 2023 die Secondary School hier mit seiner Mama bei der Aufnahme in die neue Schule.<\/figcaption><\/figure>\n\n\n\n<figure class=\"wp-block-image size-large\"><img loading=\"lazy\" decoding=\"async\" width=\"519\" height=\"918\" data-id=\"4362\" src=\"https:\/\/www.hope-deutschland.de\/wp-content\/uploads\/2023\/02\/Modekai.jpg\" alt=\"\" class=\"wp-image-4362\" srcset=\"https:\/\/www.hope-deutschland.de\/wp-content\/uploads\/2023\/02\/Modekai.jpg 519w, https:\/\/www.hope-deutschland.de\/wp-content\/uploads\/2023\/02\/Modekai-170x300.jpg 170w\" sizes=\"auto, (max-width: 519px) 100vw, 519px\" \/><figcaption class=\"wp-element-caption\">Modekai Secondary School<\/figcaption><\/figure>\n<\/figure>\n\n\n\n<p><strong>Wir haben einen eigenen Kindergarten in unserem &#8222;Hope Development Centre&#8220;<\/strong><br>Im Moment besuchen 35 Kinder unseren Kindergarten.<\/p>\n\n\n\n<p><br><strong>Folgende Kinder besuchen ab Januar 2026 unseren Kindergarten und suchen noch dringend Paten:<\/strong><\/p>\n\n\n\n<div class=\"wp-block-columns is-layout-flex wp-container-core-columns-is-layout-9d6595d7 wp-block-columns-is-layout-flex\">\n<div class=\"wp-block-column is-layout-flow wp-block-column-is-layout-flow\"><\/div>\n\n\n\n<div class=\"wp-block-column is-layout-flow wp-block-column-is-layout-flow\"><\/div>\n<\/div>\n\n\n\n<div class=\"wp-block-columns is-layout-flex wp-container-core-columns-is-layout-9d6595d7 wp-block-columns-is-layout-flex\">\n<div class=\"wp-block-column is-layout-flow wp-block-column-is-layout-flow\" style=\"flex-basis:100%\">\n<div class=\"wp-block-columns is-layout-flex wp-container-core-columns-is-layout-9d6595d7 wp-block-columns-is-layout-flex\">\n<div class=\"wp-block-column is-layout-flow wp-block-column-is-layout-flow\" style=\"flex-basis:100%\">\n<figure class=\"wp-block-gallery has-nested-images columns-5 is-cropped wp-block-gallery-3 is-layout-flex wp-block-gallery-is-layout-flex\">\n<figure class=\"wp-block-image size-large\"><img loading=\"lazy\" decoding=\"async\" width=\"506\" height=\"1024\" data-id=\"4989\" src=\"https:\/\/www.hope-deutschland.de\/wp-content\/uploads\/2025\/10\/Geith-Kimiya-Adika-k-506x1024.jpg\" alt=\"\" class=\"wp-image-4989\" srcset=\"https:\/\/www.hope-deutschland.de\/wp-content\/uploads\/2025\/10\/Geith-Kimiya-Adika-k-506x1024.jpg 506w, https:\/\/www.hope-deutschland.de\/wp-content\/uploads\/2025\/10\/Geith-Kimiya-Adika-k-148x300.jpg 148w, https:\/\/www.hope-deutschland.de\/wp-content\/uploads\/2025\/10\/Geith-Kimiya-Adika-k.jpg 521w\" sizes=\"auto, (max-width: 506px) 100vw, 506px\" \/><figcaption class=\"wp-element-caption\">Geith (3 Jahre)<\/figcaption><\/figure>\n\n\n\n<figure class=\"wp-block-image size-large\"><img loading=\"lazy\" decoding=\"async\" width=\"521\" height=\"981\" data-id=\"4983\" src=\"https:\/\/www.hope-deutschland.de\/wp-content\/uploads\/2025\/10\/Promise-Adori-k.jpg\" alt=\"\" class=\"wp-image-4983\" srcset=\"https:\/\/www.hope-deutschland.de\/wp-content\/uploads\/2025\/10\/Promise-Adori-k.jpg 521w, https:\/\/www.hope-deutschland.de\/wp-content\/uploads\/2025\/10\/Promise-Adori-k-159x300.jpg 159w\" sizes=\"auto, (max-width: 521px) 100vw, 521px\" \/><figcaption class=\"wp-element-caption\">Promise ( 3Jahre)<\/figcaption><\/figure>\n\n\n\n<figure class=\"wp-block-image size-large\"><img loading=\"lazy\" decoding=\"async\" width=\"768\" height=\"1024\" data-id=\"5074\" src=\"https:\/\/www.hope-deutschland.de\/wp-content\/uploads\/2026\/04\/Emmanuel-Mboch-768x1024.jpg\" alt=\"\" class=\"wp-image-5074\" srcset=\"https:\/\/www.hope-deutschland.de\/wp-content\/uploads\/2026\/04\/Emmanuel-Mboch-768x1024.jpg 768w, https:\/\/www.hope-deutschland.de\/wp-content\/uploads\/2026\/04\/Emmanuel-Mboch-225x300.jpg 225w, https:\/\/www.hope-deutschland.de\/wp-content\/uploads\/2026\/04\/Emmanuel-Mboch.jpg 864w\" sizes=\"auto, (max-width: 768px) 100vw, 768px\" \/><figcaption class=\"wp-element-caption\">Emmanuel Mboch (3 Jahre)<\/figcaption><\/figure>\n\n\n\n<figure class=\"wp-block-image size-large\"><img loading=\"lazy\" decoding=\"async\" width=\"768\" height=\"1024\" data-id=\"5075\" src=\"https:\/\/www.hope-deutschland.de\/wp-content\/uploads\/2026\/04\/Ezakiel-Ngereso-768x1024.jpg\" alt=\"\" class=\"wp-image-5075\" srcset=\"https:\/\/www.hope-deutschland.de\/wp-content\/uploads\/2026\/04\/Ezakiel-Ngereso-768x1024.jpg 768w, https:\/\/www.hope-deutschland.de\/wp-content\/uploads\/2026\/04\/Ezakiel-Ngereso-225x300.jpg 225w, https:\/\/www.hope-deutschland.de\/wp-content\/uploads\/2026\/04\/Ezakiel-Ngereso.jpg 864w\" sizes=\"auto, (max-width: 768px) 100vw, 768px\" \/><figcaption class=\"wp-element-caption\">Ezakiel Ngereso (3 Jahre)<\/figcaption><\/figure>\n<\/figure>\n<\/div>\n<\/div>\n\n\n\n<div class=\"wp-block-columns is-layout-flex wp-container-core-columns-is-layout-9d6595d7 wp-block-columns-is-layout-flex\">\n<div class=\"wp-block-column is-layout-flow wp-block-column-is-layout-flow\" style=\"flex-basis:25%\"><\/div>\n\n\n\n<div class=\"wp-block-column is-layout-flow wp-block-column-is-layout-flow\" style=\"flex-basis:25%\"><\/div>\n\n\n\n<div class=\"wp-block-column is-layout-flow wp-block-column-is-layout-flow\" style=\"flex-basis:25%\"><\/div>\n\n\n\n<div class=\"wp-block-column is-layout-flow wp-block-column-is-layout-flow\" style=\"flex-basis:25%\"><\/div>\n<\/div>\n<\/div>\n<\/div>\n\n\n\n<p>Alle Kinder erhalten t\u00e4glich zwei warme Mahlzeiten.<br>Au\u00dferdem erh\u00e4lt jedes Kind bei der Aufnahme eine Schuluniform, Schuhe und ein Moskitonetz. Alle Kinder erhalten&nbsp; eine medizinische Grundversorgung.<br><\/p>\n\n\n\n<p><strong>Wenn Sie Pate werden wollen, setzen Sie sich bitte mit uns in Verbindung.<\/strong><\/p>\n\n\n\n<p><a title=\"E-Mail an hope e.V. schreiben\" href=\"mailto:info@hope-deutschland.de\">info@hope-deutschland.de<\/a><\/p>\n\n\n\n<p>oder schicken Sie das ausgef\u00fcllte <a href=\"https:\/\/www.hope-deutschland.de\/wp-content\/uploads\/2025\/07\/SEPA-Antrag-Patenschaft.pdf\"><strong>Formular <\/strong><\/a>per Post oder per Fax an:<\/p>\n\n\n\n<p><strong>hope e.V.<br><\/strong>Moltkestr. 17 a<br>76689 Karlsdorf \u2013 Neuthard<\/p>\n\n\n\n<p>Fon: 07251 \u2013 3667920<br>Fax: 07251 &#8211; 3667919<\/p>\n\n\n\n<p><span style=\"color: #000000;\"><strong>Spendenkonto:<\/strong><\/span><\/p>\n\n\n\n<p><strong>Volksbank Kraichgau<\/strong><\/p>\n\n\n\n<p><strong>IBAN :&nbsp;&nbsp; DE19 6729 2200  0001 4444&nbsp; 41<\/strong><br><strong> BIC&nbsp;&nbsp;&nbsp;&nbsp; :&nbsp;&nbsp; GENODE61<\/strong>WIE<\/p>\n\n\n\n<div class=\"wp-block-group\"><div class=\"wp-block-group__inner-container is-layout-constrained wp-block-group-is-layout-constrained\"><\/div><\/div>\n\n\n\n<p><\/p>\n","protected":false},"excerpt":{"rendered":"<p>Schon ab 20,- \u20ac im Monat k\u00f6nnen Sie ein Kind \/ Jugendlichen in Afrika\/Kenia gl\u00fccklich machen. Wir vermitteln Patenschaften&nbsp; f\u00fcr Kindergartenkinder, Schulkinder in Grund- und Hauptschulen, sowie Jugendliche in weiterf\u00fchrenden Schulen. wir haben im zur\u00fcckliegenden Jahr unsere Hilfen ausgebaut und f\u00f6rdern inzwischen auch 20 junge Heranwachsende, die eine Berufsausbildung absolvieren oder eine weiterf\u00fchrende Schule besuchen. [&hellip;]<\/p>\n","protected":false},"author":1,"featured_media":4074,"parent":0,"menu_order":0,"comment_status":"closed","ping_status":"open","template":"","meta":{"ngg_post_thumbnail":0,"footnotes":""},"class_list":["post-1687","page","type-page","status-publish","has-post-thumbnail","hentry"],"_links":{"self":[{"href":"https:\/\/www.hope-deutschland.de\/index.php?rest_route=\/wp\/v2\/pages\/1687","targetHints":{"allow":["GET"]}}],"collection":[{"href":"https:\/\/www.hope-deutschland.de\/index.php?rest_route=\/wp\/v2\/pages"}],"about":[{"href":"https:\/\/www.hope-deutschland.de\/index.php?rest_route=\/wp\/v2\/types\/page"}],"author":[{"embeddable":true,"href":"https:\/\/www.hope-deutschland.de\/index.php?rest_route=\/wp\/v2\/users\/1"}],"replies":[{"embeddable":true,"href":"https:\/\/www.hope-deutschland.de\/index.php?rest_route=%2Fwp%2Fv2%2Fcomments&post=1687"}],"version-history":[{"count":301,"href":"https:\/\/www.hope-deutschland.de\/index.php?rest_route=\/wp\/v2\/pages\/1687\/revisions"}],"predecessor-version":[{"id":5076,"href":"https:\/\/www.hope-deutschland.de\/index.php?rest_route=\/wp\/v2\/pages\/1687\/revisions\/5076"}],"wp:featuredmedia":[{"embeddable":true,"href":"https:\/\/www.hope-deutschland.de\/index.php?rest_route=\/wp\/v2\/media\/4074"}],"wp:attachment":[{"href":"https:\/\/www.hope-deutschland.de\/index.php?rest_route=%2Fwp%2Fv2%2Fmedia&parent=1687"}],"curies":[{"name":"wp","href":"https:\/\/api.w.org\/{rel}","templated":true}]}}