{"id":1714,"date":"2013-01-25T17:39:23","date_gmt":"2013-01-25T16:39:23","guid":{"rendered":"http:\/\/www.hope-deutschland.de\/?page_id=1714"},"modified":"2024-04-30T08:12:12","modified_gmt":"2024-04-30T06:12:12","slug":"schule","status":"publish","type":"page","link":"https:\/\/www.hope-deutschland.de\/?page_id=1714","title":{"rendered":"Schule"},"content":{"rendered":"<p><strong>August 2010<\/strong><\/p>\n<p><strong><br \/>\n<\/strong><\/p>\n<h2>40 Kinder werden mit allem Notwendigen f\u00fcr die Schule ausgestattet. Dazu erhalten alle Kinder noch 4 kg Reis.<\/h2>\n<div id=\"attachment_1777\" style=\"width: 510px\" class=\"wp-caption aligncenter\"><a href=\"http:\/\/www.hope-deutschland.de\/wp-content\/uploads\/2013\/01\/Gruppenbild.jpg\"><img loading=\"lazy\" decoding=\"async\" aria-describedby=\"caption-attachment-1777\" class=\"size-full wp-image-1777\" title=\"Gruppenbild\" src=\"http:\/\/www.hope-deutschland.de\/wp-content\/uploads\/2013\/01\/Gruppenbild.jpg\" alt=\"\" width=\"500\" height=\"375\" srcset=\"https:\/\/www.hope-deutschland.de\/wp-content\/uploads\/2013\/01\/Gruppenbild.jpg 500w, https:\/\/www.hope-deutschland.de\/wp-content\/uploads\/2013\/01\/Gruppenbild-300x225.jpg 300w\" sizes=\"auto, (max-width: 500px) 100vw, 500px\" \/><\/a><p id=\"caption-attachment-1777\" class=\"wp-caption-text\">40 Kinder bekamen ein Schuilstarterset<\/p><\/div>\n<div>Mein Mann Klaus und ich waren im August in Kenia, um  in  Western Province  vor Ort zu ermitteln, welche Unterst\u00fctzung am dringendsten gebraucht wird und  welche Projekte am sinnvollsten sind. <strong>Die betroffenen Menschen haben wir aktiv in die Planungen mit <\/strong><strong>einbezogen. <\/strong>Nach anstrengender Fahrt mit dem Allradfahrzeug erwarteten uns dutzende Kinder und Frauen, sowie einige wenige M\u00e4nner &#8211; darunter der Pfarrer und der Dorf\u00e4lteste. Singend wurden wir begr\u00fc\u00dft und in der Kirche auf das herzlichste Willkommen gehei\u00dfen.<\/div>\n<div>Anschlie\u00dfend haben wir 40 Waisen- und Halbwaisenkindern jeweils eine Schuluniform, Schuhe und Schulmaterial (Schreibhefte, Lineal und Stifte) \u00fcbergeben, sowie an jedes Kind 4 kg Mais. Jetzt haben die Kinder die M\u00f6glichkeit, am Schulunterricht teilzunehmen &#8211; gleichzeitig werden die betreuenden Familien entlastet.Nach der \u00dcbergabe an die Kinder erhielten alle Anwesenden eine warme Mahlzeit.<\/div>\n<p>Die gesamte Aktion &#8211; inklusive der Beschaffung der Materialien und der Lebensmittel  wurde von unserer Koordinatorin Recky Awino Kyalo  exzellent vorbereitet.<\/p>\n<div id=\"attachment_1772\" style=\"width: 310px\" class=\"wp-caption aligncenter\"><a href=\"http:\/\/www.hope-deutschland.de\/wp-content\/uploads\/2013\/01\/Mahlzeit.jpg\"><img loading=\"lazy\" decoding=\"async\" aria-describedby=\"caption-attachment-1772\" class=\"size-medium wp-image-1772 \" title=\"Mahlzeit\" src=\"http:\/\/www.hope-deutschland.de\/wp-content\/uploads\/2013\/01\/Mahlzeit-300x225.jpg\" alt=\"\" width=\"300\" height=\"225\" srcset=\"https:\/\/www.hope-deutschland.de\/wp-content\/uploads\/2013\/01\/Mahlzeit-300x225.jpg 300w, https:\/\/www.hope-deutschland.de\/wp-content\/uploads\/2013\/01\/Mahlzeit.jpg 600w\" sizes=\"auto, (max-width: 300px) 100vw, 300px\" \/><\/a><p id=\"caption-attachment-1772\" class=\"wp-caption-text\">Jedes Kind bekam an diesem Tag eine warme Mahlzeit<\/p><\/div>\n","protected":false},"excerpt":{"rendered":"<p>August 2010 40 Kinder werden mit allem Notwendigen f\u00fcr die Schule ausgestattet. Dazu erhalten alle Kinder noch 4 kg Reis. Mein Mann Klaus und ich waren im August in Kenia, um in Western Province vor Ort zu ermitteln, welche Unterst\u00fctzung am dringendsten gebraucht wird und welche Projekte am sinnvollsten sind. Die betroffenen Menschen haben wir [&hellip;]<\/p>\n","protected":false},"author":1,"featured_media":0,"parent":0,"menu_order":0,"comment_status":"open","ping_status":"closed","template":"","meta":{"ngg_post_thumbnail":0,"footnotes":""},"class_list":["post-1714","page","type-page","status-publish","hentry"],"_links":{"self":[{"href":"https:\/\/www.hope-deutschland.de\/index.php?rest_route=\/wp\/v2\/pages\/1714","targetHints":{"allow":["GET"]}}],"collection":[{"href":"https:\/\/www.hope-deutschland.de\/index.php?rest_route=\/wp\/v2\/pages"}],"about":[{"href":"https:\/\/www.hope-deutschland.de\/index.php?rest_route=\/wp\/v2\/types\/page"}],"author":[{"embeddable":true,"href":"https:\/\/www.hope-deutschland.de\/index.php?rest_route=\/wp\/v2\/users\/1"}],"replies":[{"embeddable":true,"href":"https:\/\/www.hope-deutschland.de\/index.php?rest_route=%2Fwp%2Fv2%2Fcomments&post=1714"}],"version-history":[{"count":15,"href":"https:\/\/www.hope-deutschland.de\/index.php?rest_route=\/wp\/v2\/pages\/1714\/revisions"}],"predecessor-version":[{"id":4546,"href":"https:\/\/www.hope-deutschland.de\/index.php?rest_route=\/wp\/v2\/pages\/1714\/revisions\/4546"}],"wp:attachment":[{"href":"https:\/\/www.hope-deutschland.de\/index.php?rest_route=%2Fwp%2Fv2%2Fmedia&parent=1714"}],"curies":[{"name":"wp","href":"https:\/\/api.w.org\/{rel}","templated":true}]}}