{"id":1722,"date":"2013-01-25T17:40:12","date_gmt":"2013-01-25T16:40:12","guid":{"rendered":"http:\/\/www.hope-deutschland.de\/?page_id=1722"},"modified":"2024-04-30T08:18:02","modified_gmt":"2024-04-30T06:18:02","slug":"medizinische-behandlung","status":"publish","type":"page","link":"https:\/\/www.hope-deutschland.de\/?page_id=1722","title":{"rendered":"Medizinische Behandlung"},"content":{"rendered":"<p><strong>Weihnachten 2010<\/strong><\/p>\n<p><a href=\"http:\/\/www.hope-deutschland.de\/wp-content\/uploads\/2013\/01\/Arzt-mit-Schwester.jpg\"><img loading=\"lazy\" decoding=\"async\" class=\"aligncenter size-full wp-image-1790\" title=\"Arzt mit Schwester\" src=\"http:\/\/www.hope-deutschland.de\/wp-content\/uploads\/2013\/01\/Arzt-mit-Schwester.jpg\" alt=\"\" width=\"500\" height=\"375\" srcset=\"https:\/\/www.hope-deutschland.de\/wp-content\/uploads\/2013\/01\/Arzt-mit-Schwester.jpg 500w, https:\/\/www.hope-deutschland.de\/wp-content\/uploads\/2013\/01\/Arzt-mit-Schwester-300x225.jpg 300w\" sizes=\"auto, (max-width: 500px) 100vw, 500px\" \/><\/a><\/p>\n<div>\n<dl id=\"attachment_144\">\n<dt><\/dt>\n<dd>Hand in Hand arbeiten \u00c4rzte und Krankenschwestern, damit alle wartende KInder behandelt wurden <strong><\/strong><\/dd>\n<\/dl>\n<\/div>\n<p><strong><br \/>\n<\/strong><\/p>\n<h2>Mais, Reis und medizinische Hilfe<\/h2>\n<p>Wir freuen uns, dass wir noch rechtzeitig zu Weihnachten ein Unterst\u00fctzungsprojekt verwirklichen konnten,  das urspr\u00fcnglich erst f\u00fcr 2011 geplant war.<\/p>\n<p>Am 23. Dezember 2010, ca. 6.30 Uhr Ortszeit, startete in Kisumu \/ Kenia unsere Koordinatorin, Recky Awino Kyalo, mit einem Team von \u00c4rzten und  Krankenschwestern in Richtung Western Province.<\/p>\n<p>Dort sollten Kinder und Erwachsene \u00e4rztlich untersucht bzw. medizinisch versorgt werden.<\/p>\n<p>Am Zielort angekommen, war die Kirche &#8211; sie diente als Wartezimmer,     Untersuchungsraum und Apotheke &#8211;  bereits mit Patienten voll besetzt. Die meisten der Anwesenden sollten heute zum ersten Mal in Kontakt mit einem Arzt kommen.<\/p>\n<p>Diese Tatsache ist umso erschreckender, als viele der kleinen und gro\u00dfen Besucher lebensbedrohlich krank waren,  bzw.  sind.<\/p>\n<p>Bis kurz vor Einbruch der Dunkelheit  wurde untersucht, diagnostiziert, behandelt und &#8211; wenn erforderlich &#8211; wurden weitere Untersuchungen und Behandlungen in die Wege geleitet.<\/p>\n<p><a href=\"http:\/\/www.hope-deutschland.de\/wp-content\/uploads\/2013\/01\/Arzt-mit-Kleinkind.jpg\"><img loading=\"lazy\" decoding=\"async\" class=\"alignleft size-medium wp-image-1791\" title=\"Arzt mit Kleinkind\" src=\"http:\/\/www.hope-deutschland.de\/wp-content\/uploads\/2013\/01\/Arzt-mit-Kleinkind-300x225.jpg\" alt=\"\" width=\"300\" height=\"225\" srcset=\"https:\/\/www.hope-deutschland.de\/wp-content\/uploads\/2013\/01\/Arzt-mit-Kleinkind-300x225.jpg 300w, https:\/\/www.hope-deutschland.de\/wp-content\/uploads\/2013\/01\/Arzt-mit-Kleinkind.jpg 600w\" sizes=\"auto, (max-width: 300px) 100vw, 300px\" \/><\/a><\/p>\n<p><strong>An diesem 23. Dezember konnten exakt 100 Kinder und 32 Erwachsene \u00e4rztliche Hilfe erfahren.<\/strong><\/p>\n<p>Neben der medizinischen Behandlung gab es &#8211; als zweites Weihnachtsgeschenk &#8211; f\u00fcr alle Patienten jeweils vier Kilogramm Mais und vier Kilogramm Reis.<\/p>\n<div id=\"attachment_1795\" style=\"width: 289px\" class=\"wp-caption alignleft\"><a href=\"http:\/\/www.hope-deutschland.de\/wp-content\/uploads\/2013\/01\/Lachender-Junge-2-1.jpg\"><img loading=\"lazy\" decoding=\"async\" aria-describedby=\"caption-attachment-1795\" class=\" wp-image-1795\" title=\"Lachender Junge 2-1\" src=\"http:\/\/www.hope-deutschland.de\/wp-content\/uploads\/2013\/01\/Lachender-Junge-2-1.jpg\" alt=\"\" width=\"279\" height=\"508\" srcset=\"https:\/\/www.hope-deutschland.de\/wp-content\/uploads\/2013\/01\/Lachender-Junge-2-1.jpg 400w, https:\/\/www.hope-deutschland.de\/wp-content\/uploads\/2013\/01\/Lachender-Junge-2-1-164x300.jpg 164w\" sizes=\"auto, (max-width: 279px) 100vw, 279px\" \/><\/a><p id=\"caption-attachment-1795\" class=\"wp-caption-text\">Die Kinder freuten sich sehr \u00fcber die so wichtigen Nahrungsmitteln.<\/p><\/div>\n<p>Somit konnten wir die Spendeneinnahmen direkt und unb\u00fcrokratisch (ohne Verwaltungsgeb\u00fchren oder sonstige &#8222;Abgaben&#8220;) unserer Zielgruppe in Ostafrika zuleiten, um so die medizinische Versorgung von bed\u00fcrftigen Familien und ihre Versorgung mit Grundnahrungsmitteln zu erm\u00f6glichen.<\/p>\n<p><strong>hope<\/strong> bedankt sich herzlich f\u00fcr die Unterst\u00fctzung durch Spenden und das gro\u00dfe Interesse an unserer Arbeit in Western Province, Kenia.<\/p>\n<div><\/div>\n","protected":false},"excerpt":{"rendered":"<p>Weihnachten 2010 Hand in Hand arbeiten \u00c4rzte und Krankenschwestern, damit alle wartende KInder behandelt wurden Mais, Reis und medizinische Hilfe Wir freuen uns, dass wir noch rechtzeitig zu Weihnachten ein Unterst\u00fctzungsprojekt verwirklichen konnten, das urspr\u00fcnglich erst f\u00fcr 2011 geplant war. Am 23. Dezember 2010, ca. 6.30 Uhr Ortszeit, startete in Kisumu \/ Kenia unsere Koordinatorin, [&hellip;]<\/p>\n","protected":false},"author":1,"featured_media":0,"parent":0,"menu_order":0,"comment_status":"open","ping_status":"closed","template":"","meta":{"ngg_post_thumbnail":0,"footnotes":""},"class_list":["post-1722","page","type-page","status-publish","hentry"],"_links":{"self":[{"href":"https:\/\/www.hope-deutschland.de\/index.php?rest_route=\/wp\/v2\/pages\/1722","targetHints":{"allow":["GET"]}}],"collection":[{"href":"https:\/\/www.hope-deutschland.de\/index.php?rest_route=\/wp\/v2\/pages"}],"about":[{"href":"https:\/\/www.hope-deutschland.de\/index.php?rest_route=\/wp\/v2\/types\/page"}],"author":[{"embeddable":true,"href":"https:\/\/www.hope-deutschland.de\/index.php?rest_route=\/wp\/v2\/users\/1"}],"replies":[{"embeddable":true,"href":"https:\/\/www.hope-deutschland.de\/index.php?rest_route=%2Fwp%2Fv2%2Fcomments&post=1722"}],"version-history":[{"count":14,"href":"https:\/\/www.hope-deutschland.de\/index.php?rest_route=\/wp\/v2\/pages\/1722\/revisions"}],"predecessor-version":[{"id":4560,"href":"https:\/\/www.hope-deutschland.de\/index.php?rest_route=\/wp\/v2\/pages\/1722\/revisions\/4560"}],"wp:attachment":[{"href":"https:\/\/www.hope-deutschland.de\/index.php?rest_route=%2Fwp%2Fv2%2Fmedia&parent=1722"}],"curies":[{"name":"wp","href":"https:\/\/api.w.org\/{rel}","templated":true}]}}