{"id":1726,"date":"2013-01-25T17:40:48","date_gmt":"2013-01-25T16:40:48","guid":{"rendered":"http:\/\/www.hope-deutschland.de\/?page_id=1726"},"modified":"2024-04-30T08:22:51","modified_gmt":"2024-04-30T06:22:51","slug":"frauen-starken","status":"publish","type":"page","link":"https:\/\/www.hope-deutschland.de\/?page_id=1726","title":{"rendered":"Frauen st\u00e4rken"},"content":{"rendered":"<p><img loading=\"lazy\" decoding=\"async\" class=\"size-large wp-image-2143\" title=\"woman empowermentjpg\" alt=\"\" src=\"http:\/\/www.hope-deutschland.de\/wp-content\/uploads\/2013\/01\/Titelbild-Nyotajpg-1180x805.jpg\" width=\"640\" height=\"436\" srcset=\"https:\/\/www.hope-deutschland.de\/wp-content\/uploads\/2013\/01\/Titelbild-Nyotajpg-1180x805.jpg 1180w, https:\/\/www.hope-deutschland.de\/wp-content\/uploads\/2013\/01\/Titelbild-Nyotajpg-300x204.jpg 300w, https:\/\/www.hope-deutschland.de\/wp-content\/uploads\/2013\/01\/Titelbild-Nyotajpg.jpg 2048w\" sizes=\"auto, (max-width: 640px) 100vw, 640px\" \/><\/p>\n<p>Frauen tragen in Kenia &#8211;\u00a0 wie in vielen\u00a0 Entwicklungsl\u00e4ndern &#8211; oft die Hauptverantwortung und somit auch die Hauptlast als Ern\u00e4herin der Familie.<\/p>\n<p>Deshalb verwenden wir einen grossen Teil unserer Arbeit darauf, Frauen so zu unterst\u00fctzen, dass sie in die Lage versetzt werden, diese Aufgabe zu bew\u00e4ltigen, d. h. ihre Famlien ern\u00e4hren zu k\u00f6nnen.<\/p>\n<p>Viele unserer im Jahr 2012 angebotenen workshops dienten dazu, den Frauen in Mbale verschiedene handwerkliche Techniken zu vermitteln. Sie wurden und werden dadurch bef\u00e4higt, unterschiedliche Produkte &#8211;\u00a0 meist Kunst- und Gebrauchsgegenst\u00e4nde &#8211; selbst herzustellen.<\/p>\n<p>Die Angebote, die mit gro\u00dfem Interesse und einer enormen Begeisterung angenommen werden, sollen mittelfristig dazu beitragen, dass die Betroffenen ihren Lebensunterhalt\u00a0 selbsstst\u00e4ndig erarbeiten k\u00f6nnen.<\/p>\n<h2>Hier k\u00f6nnen Sie die <a href=\"http:\/\/www.nyota-natural-art.de\/\" target=\"_blank\" rel=\"noopener\">FAIR -TRADE -Produkte<\/a> beziehen<\/h2>\n","protected":false},"excerpt":{"rendered":"<p>Frauen tragen in Kenia &#8211;\u00a0 wie in vielen\u00a0 Entwicklungsl\u00e4ndern &#8211; oft die Hauptverantwortung und somit auch die Hauptlast als Ern\u00e4herin der Familie. Deshalb verwenden wir einen grossen Teil unserer Arbeit darauf, Frauen so zu unterst\u00fctzen, dass sie in die Lage versetzt werden, diese Aufgabe zu bew\u00e4ltigen, d. h. ihre Famlien ern\u00e4hren zu k\u00f6nnen. Viele unserer [&hellip;]<\/p>\n","protected":false},"author":1,"featured_media":0,"parent":0,"menu_order":0,"comment_status":"open","ping_status":"closed","template":"","meta":{"ngg_post_thumbnail":0,"footnotes":""},"class_list":["post-1726","page","type-page","status-publish","hentry"],"_links":{"self":[{"href":"https:\/\/www.hope-deutschland.de\/index.php?rest_route=\/wp\/v2\/pages\/1726","targetHints":{"allow":["GET"]}}],"collection":[{"href":"https:\/\/www.hope-deutschland.de\/index.php?rest_route=\/wp\/v2\/pages"}],"about":[{"href":"https:\/\/www.hope-deutschland.de\/index.php?rest_route=\/wp\/v2\/types\/page"}],"author":[{"embeddable":true,"href":"https:\/\/www.hope-deutschland.de\/index.php?rest_route=\/wp\/v2\/users\/1"}],"replies":[{"embeddable":true,"href":"https:\/\/www.hope-deutschland.de\/index.php?rest_route=%2Fwp%2Fv2%2Fcomments&post=1726"}],"version-history":[{"count":30,"href":"https:\/\/www.hope-deutschland.de\/index.php?rest_route=\/wp\/v2\/pages\/1726\/revisions"}],"predecessor-version":[{"id":4575,"href":"https:\/\/www.hope-deutschland.de\/index.php?rest_route=\/wp\/v2\/pages\/1726\/revisions\/4575"}],"wp:attachment":[{"href":"https:\/\/www.hope-deutschland.de\/index.php?rest_route=%2Fwp%2Fv2%2Fmedia&parent=1726"}],"curies":[{"name":"wp","href":"https:\/\/api.w.org\/{rel}","templated":true}]}}