{"id":1734,"date":"2013-01-25T17:41:25","date_gmt":"2013-01-25T16:41:25","guid":{"rendered":"http:\/\/www.hope-deutschland.de\/?page_id=1734"},"modified":"2024-04-30T08:11:01","modified_gmt":"2024-04-30T06:11:01","slug":"soforthilfe","status":"publish","type":"page","link":"https:\/\/www.hope-deutschland.de\/?page_id=1734","title":{"rendered":"Soforthilfe"},"content":{"rendered":"<p><!--[if gte mso 9]><xml>\n<w:WordDocument>\n<w:View>Normal<\/w:View>\n<w:Zoom>0<\/w:Zoom>\n<w:TrackMoves\/>\n<w:TrackFormatting\/>\n<w:HyphenationZone>21<\/w:HyphenationZone>\n<w:PunctuationKerning\/>\n<w:ValidateAgainstSchemas\/>\n<w:SaveIfXMLInvalid>false<\/w:SaveIfXMLInvalid>\n<w:IgnoreMixedContent>false<\/w:IgnoreMixedContent>\n<w:AlwaysShowPlaceholderText>false<\/w:AlwaysShowPlaceholderText>\n<w:DoNotPromoteQF\/>\n<w:LidThemeOther>DE<\/w:LidThemeOther>\n<w:LidThemeAsian>X-NONE<\/w:LidThemeAsian>\n<w:LidThemeComplexScript>X-NONE<\/w:LidThemeComplexScript>\n<w:Compatibility>\n<w:BreakWrappedTables\/>\n<w:SnapToGridInCell\/>\n<w:WrapTextWithPunct\/>\n<w:UseAsianBreakRules\/>\n<w:DontGrowAutofit\/>\n<w:SplitPgBreakAndParaMark\/>\n<w:DontVertAlignCellWithSp\/>\n<w:DontBreakConstrainedForcedTables\/>\n<w:DontVertAlignInTxbx\/>\n<w:Word11KerningPairs\/>\n<w:CachedColBalance\/>\n<\/w:Compatibility>\n<m:mathPr>\n<m:mathFont m:val=\"Cambria Math\"\/>\n<m:brkBin m:val=\"before\"\/>\n<m:brkBinSub m:val=\"--\"\/>\n<m:smallFrac m:val=\"off\"\/>\n<m:dispDef\/>\n<m:lMargin m:val=\"0\"\/>\n<m:rMargin m:val=\"0\"\/>\n<m:defJc m:val=\"centerGroup\"\/>\n<m:wrapIndent m:val=\"1440\"\/>\n<m:intLim m:val=\"subSup\"\/>\n<m:naryLim m:val=\"undOvr\"\/>\n<\/m:mathPr><\/w:WordDocument>\n<\/xml><![endif]--><\/p>\n<div id=\"attachment_2413\" style=\"width: 1010px\" class=\"wp-caption alignleft\"><a href=\"http:\/\/www.hope-deutschland.de\/wp-content\/uploads\/2013\/01\/So-much-fun.jpg\"><img loading=\"lazy\" decoding=\"async\" aria-describedby=\"caption-attachment-2413\" class=\"size-full wp-image-2413\" alt=\"The family is so lucky to get the very needed things\" src=\"http:\/\/www.hope-deutschland.de\/wp-content\/uploads\/2013\/01\/So-much-fun.jpg\" width=\"1000\" height=\"750\" srcset=\"https:\/\/www.hope-deutschland.de\/wp-content\/uploads\/2013\/01\/So-much-fun.jpg 1000w, https:\/\/www.hope-deutschland.de\/wp-content\/uploads\/2013\/01\/So-much-fun-300x225.jpg 300w\" sizes=\"auto, (max-width: 1000px) 100vw, 1000px\" \/><\/a><p id=\"caption-attachment-2413\" class=\"wp-caption-text\">The family is so lucky to get the very needed things.<\/p><\/div>\n<p><span style=\"font-size: 11.0pt; font-family: 'Arial','sans-serif';\">Unsere Koordinatorin Recky Awino Kyalo trifft bei ihrer Arbeit immer wieder \u00e4u\u00dferst bed\u00fcrftige Familien an und k\u00fcmmert sich um sie.<br \/>\nBei unserem letzten Besuch haben wir sofortige Hilfe f\u00fcr eine Gro\u00dfmutter veranlasst. Sie hatte f\u00fcnf Enkelkinder alleine zu versorgen hat, da deren Eltern verstorben waren. Die Kinder befanden sich in einem kritischen Ern\u00e4hrungs- und Gesundheitszustand. Wir sorgten f\u00fcr medizinische Soforthilfe, besorgten Kleidung und Nahrungsmittel und statteten die H\u00fctte mit Matratzen zum Schlafen und mit Moskitonetzen aus. Die Freude \u00fcber die Unterst\u00fctzung war riesig .<\/span><\/p>\n\n\t\t<style type=\"text\/css\">\n\t\t\t#gallery-1 {\n\t\t\t\tmargin: auto;\n\t\t\t}\n\t\t\t#gallery-1 .gallery-item {\n\t\t\t\tfloat: left;\n\t\t\t\tmargin-top: 10px;\n\t\t\t\ttext-align: center;\n\t\t\t\twidth: 33%;\n\t\t\t}\n\t\t\t#gallery-1 img {\n\t\t\t\tborder: 2px solid #cfcfcf;\n\t\t\t}\n\t\t\t#gallery-1 .gallery-caption {\n\t\t\t\tmargin-left: 0;\n\t\t\t}\n\t\t\t\/* see gallery_shortcode() in wp-includes\/media.php *\/\n\t\t<\/style>\n\t\t<div id='gallery-1' class='gallery galleryid-1734 gallery-columns-3 gallery-size-thumbnail'><dl class='gallery-item'>\n\t\t\t<dt class='gallery-icon portrait'>\n\t\t\t\t<a href='https:\/\/www.hope-deutschland.de\/?attachment_id=2414'><img loading=\"lazy\" decoding=\"async\" width=\"150\" height=\"150\" src=\"https:\/\/www.hope-deutschland.de\/wp-content\/uploads\/2013\/01\/Grandmother-with-baby-150x150.jpg\" class=\"attachment-thumbnail size-thumbnail\" alt=\"\" aria-describedby=\"gallery-1-2414\" \/><\/a>\n\t\t\t<\/dt>\n\t\t\t\t<dd class='wp-caption-text gallery-caption' id='gallery-1-2414'>\n\t\t\t\tgrandmother with baby\n\t\t\t\t<\/dd><\/dl><dl class='gallery-item'>\n\t\t\t<dt class='gallery-icon portrait'>\n\t\t\t\t<a href='https:\/\/www.hope-deutschland.de\/?attachment_id=2415'><img loading=\"lazy\" decoding=\"async\" width=\"150\" height=\"150\" src=\"https:\/\/www.hope-deutschland.de\/wp-content\/uploads\/2013\/01\/lucky-children-150x150.jpg\" class=\"attachment-thumbnail size-thumbnail\" alt=\"\" aria-describedby=\"gallery-1-2415\" \/><\/a>\n\t\t\t<\/dt>\n\t\t\t\t<dd class='wp-caption-text gallery-caption' id='gallery-1-2415'>\n\t\t\t\tlucky children\n\t\t\t\t<\/dd><\/dl><dl class='gallery-item'>\n\t\t\t<dt class='gallery-icon landscape'>\n\t\t\t\t<a href='https:\/\/www.hope-deutschland.de\/?attachment_id=2416'><img loading=\"lazy\" decoding=\"async\" width=\"150\" height=\"150\" src=\"https:\/\/www.hope-deutschland.de\/wp-content\/uploads\/2013\/01\/New-matrass-150x150.jpg\" class=\"attachment-thumbnail size-thumbnail\" alt=\"\" aria-describedby=\"gallery-1-2416\" \/><\/a>\n\t\t\t<\/dt>\n\t\t\t\t<dd class='wp-caption-text gallery-caption' id='gallery-1-2416'>\n\t\t\t\tnew beddings\n\t\t\t\t<\/dd><\/dl><br style=\"clear: both\" \/><dl class='gallery-item'>\n\t\t\t<dt class='gallery-icon landscape'>\n\t\t\t\t<a href='https:\/\/www.hope-deutschland.de\/?attachment_id=2417'><img loading=\"lazy\" decoding=\"async\" width=\"150\" height=\"150\" src=\"https:\/\/www.hope-deutschland.de\/wp-content\/uploads\/2013\/01\/new-schooluniformsjpg-150x150.jpg\" class=\"attachment-thumbnail size-thumbnail\" alt=\"\" aria-describedby=\"gallery-1-2417\" \/><\/a>\n\t\t\t<\/dt>\n\t\t\t\t<dd class='wp-caption-text gallery-caption' id='gallery-1-2417'>\n\t\t\t\tnew schooluniforms\n\t\t\t\t<\/dd><\/dl><dl class='gallery-item'>\n\t\t\t<dt class='gallery-icon landscape'>\n\t\t\t\t<a href='https:\/\/www.hope-deutschland.de\/?attachment_id=2418'><img loading=\"lazy\" decoding=\"async\" width=\"150\" height=\"150\" src=\"https:\/\/www.hope-deutschland.de\/wp-content\/uploads\/2013\/01\/new-shoes-150x150.jpg\" class=\"attachment-thumbnail size-thumbnail\" alt=\"\" aria-describedby=\"gallery-1-2418\" \/><\/a>\n\t\t\t<\/dt>\n\t\t\t\t<dd class='wp-caption-text gallery-caption' id='gallery-1-2418'>\n\t\t\t\tnew shoes\n\t\t\t\t<\/dd><\/dl><dl class='gallery-item'>\n\t\t\t<dt class='gallery-icon landscape'>\n\t\t\t\t<a href='https:\/\/www.hope-deutschland.de\/?attachment_id=2419'><img loading=\"lazy\" decoding=\"async\" width=\"150\" height=\"150\" src=\"https:\/\/www.hope-deutschland.de\/wp-content\/uploads\/2013\/01\/Alfred-Family-150x150.jpg\" class=\"attachment-thumbnail size-thumbnail\" alt=\"\" aria-describedby=\"gallery-1-2419\" \/><\/a>\n\t\t\t<\/dt>\n\t\t\t\t<dd class='wp-caption-text gallery-caption' id='gallery-1-2419'>\n\t\t\t\tAlfreds family get assistance\n\t\t\t\t<\/dd><\/dl><br style=\"clear: both\" \/>\n\t\t<\/div>\n\n","protected":false},"excerpt":{"rendered":"<p>Unsere Koordinatorin Recky Awino Kyalo trifft bei ihrer Arbeit immer wieder \u00e4u\u00dferst bed\u00fcrftige Familien an und k\u00fcmmert sich um sie. Bei unserem letzten Besuch haben wir sofortige Hilfe f\u00fcr eine Gro\u00dfmutter veranlasst. Sie hatte f\u00fcnf Enkelkinder alleine zu versorgen hat, da deren Eltern verstorben waren. Die Kinder befanden sich in einem kritischen Ern\u00e4hrungs- und Gesundheitszustand. [&hellip;]<\/p>\n","protected":false},"author":1,"featured_media":0,"parent":0,"menu_order":0,"comment_status":"open","ping_status":"closed","template":"","meta":{"ngg_post_thumbnail":0,"footnotes":""},"class_list":["post-1734","page","type-page","status-publish","hentry"],"_links":{"self":[{"href":"https:\/\/www.hope-deutschland.de\/index.php?rest_route=\/wp\/v2\/pages\/1734","targetHints":{"allow":["GET"]}}],"collection":[{"href":"https:\/\/www.hope-deutschland.de\/index.php?rest_route=\/wp\/v2\/pages"}],"about":[{"href":"https:\/\/www.hope-deutschland.de\/index.php?rest_route=\/wp\/v2\/types\/page"}],"author":[{"embeddable":true,"href":"https:\/\/www.hope-deutschland.de\/index.php?rest_route=\/wp\/v2\/users\/1"}],"replies":[{"embeddable":true,"href":"https:\/\/www.hope-deutschland.de\/index.php?rest_route=%2Fwp%2Fv2%2Fcomments&post=1734"}],"version-history":[{"count":11,"href":"https:\/\/www.hope-deutschland.de\/index.php?rest_route=\/wp\/v2\/pages\/1734\/revisions"}],"predecessor-version":[{"id":4544,"href":"https:\/\/www.hope-deutschland.de\/index.php?rest_route=\/wp\/v2\/pages\/1734\/revisions\/4544"}],"wp:attachment":[{"href":"https:\/\/www.hope-deutschland.de\/index.php?rest_route=%2Fwp%2Fv2%2Fmedia&parent=1734"}],"curies":[{"name":"wp","href":"https:\/\/api.w.org\/{rel}","templated":true}]}}