{"id":23,"date":"2010-11-30T18:08:30","date_gmt":"2010-11-30T18:08:30","guid":{"rendered":"http:\/\/www.hope-deutschland.de\/?page_id=23"},"modified":"2025-07-16T10:11:08","modified_gmt":"2025-07-16T08:11:08","slug":"spenden","status":"publish","type":"page","link":"https:\/\/www.hope-deutschland.de\/?page_id=23","title":{"rendered":"Spenden"},"content":{"rendered":"<h2>Schicken Sie uns unkompliziert Ihre Spende \u00fcber<\/h2>\n<p>&nbsp;<\/p>\n<p><span style=\"color: #0000ff;\">Paypal:&nbsp;<a title=\"Spende an den Hope e.V.\" href=\"https:\/\/www.paypal.me\/HopeDeutschland\"><span style=\"color: #0000ff;\">https:\/\/www.paypal.me\/HopeDeutschland<\/span><\/a><\/span><\/p>\n<p><strong>oder per \u00dcberweisung an:<\/strong><\/p>\n<p><strong><span style=\"text-decoration: underline;\">Spendenkonto:<\/span><\/strong><\/p>\n<p><strong>hope<\/strong><\/p>\n<p><strong>Volksbank Kraichgau<\/strong><\/p>\n<p><strong>IBAN :&nbsp;&nbsp; DE19 6729 2200 0001 4444&nbsp; 41<\/strong><br \/>\n<strong> BIC&nbsp;&nbsp;&nbsp;&nbsp; :&nbsp;&nbsp; GENODE61WIE<\/strong><\/p>\n<p><b>Wir sind<\/b> wegen der F\u00f6rderung von humanit\u00e4ren Projekten in Entwicklungsl\u00e4ndern<br \/>\nmit dem Ziel, die Armut zu lindern und schulische\/berufliche Perspektiven f\u00fcr Kinder<br \/>\nund Frauen zu erm\u00f6glichen, nach dem letzten zugegangenen Freistellungsbescheid des Finanzamt Bruchsal, StNr. 30075\/30717, &nbsp;vom 31.10.2014,&nbsp; nach \u00a73 &nbsp;Nr. 6 des Gewerbesteuergesetztes<b> <\/b>von der Gewerbesteuer befreit.<\/p>\n<p><strong>Nach Ablauf des Kalenderjahres<\/strong> bekommen Sie eine Spendenquittung zugesandt. Spenden sind als Sonderausgaben gem\u00e4\u00df \u00a7 10b EStG steuerlich absetzbar. Selbstverst\u00e4ndlich werden Ihre Daten vertraulich behandelt und keinesfalls an Dritte weitergegeben.<\/p>\n<h2>Wof\u00fcr verwendet hope e.V. die Spendengelder:<\/h2>\n<h2>Hilfe f\u00fcr sehr bed\u00fcrftige Familien<\/h2>\n<p>Wir geben immer wieder<a title=\"Soforthilfe\" href=\"http:\/\/www.hope-deutschland.de\/?page_id=1734\"><strong> Einzelfallhilfe f\u00fcr sehr bed\u00fcrftige Familien<\/strong> <\/a>und unterst\u00fctzen sie in Notsituationen mit Nahrungsmitteln, Kleidung und Medikamenten. Wir finanzieren immer wieder medizinische Notf\u00e4lle.<\/p>\n<p><strong>Durch ihre Spende k\u00f6nnen wir weiterhin in gro\u00dfen Notf\u00e4llen helfen!<\/strong><\/p>\n<h2>Weitere Projekte von hope e.V. k\u00f6nnen Sie in unserem aktuellen <a href=\"https:\/\/www.hope-deutschland.de\/?p=4155\">Infobrief Oktober 2021<\/a><br \/>\nnachlesen.<\/h2>\n","protected":false},"excerpt":{"rendered":"<p>Schicken Sie uns unkompliziert Ihre Spende \u00fcber &nbsp; Paypal:&nbsp;https:\/\/www.paypal.me\/HopeDeutschland oder per \u00dcberweisung an: Spendenkonto: hope Volksbank Kraichgau IBAN :&nbsp;&nbsp; DE19 6729 2200 0001 4444&nbsp; 41 BIC&nbsp;&nbsp;&nbsp;&nbsp; :&nbsp;&nbsp; GENODE61WIE Wir sind wegen der F\u00f6rderung von humanit\u00e4ren Projekten in Entwicklungsl\u00e4ndern mit dem Ziel, die Armut zu lindern und schulische\/berufliche Perspektiven f\u00fcr Kinder und Frauen zu erm\u00f6glichen, nach [&hellip;]<\/p>\n","protected":false},"author":1,"featured_media":0,"parent":0,"menu_order":0,"comment_status":"closed","ping_status":"closed","template":"","meta":{"ngg_post_thumbnail":0,"footnotes":""},"class_list":["post-23","page","type-page","status-publish","hentry"],"_links":{"self":[{"href":"https:\/\/www.hope-deutschland.de\/index.php?rest_route=\/wp\/v2\/pages\/23","targetHints":{"allow":["GET"]}}],"collection":[{"href":"https:\/\/www.hope-deutschland.de\/index.php?rest_route=\/wp\/v2\/pages"}],"about":[{"href":"https:\/\/www.hope-deutschland.de\/index.php?rest_route=\/wp\/v2\/types\/page"}],"author":[{"embeddable":true,"href":"https:\/\/www.hope-deutschland.de\/index.php?rest_route=\/wp\/v2\/users\/1"}],"replies":[{"embeddable":true,"href":"https:\/\/www.hope-deutschland.de\/index.php?rest_route=%2Fwp%2Fv2%2Fcomments&post=23"}],"version-history":[{"count":35,"href":"https:\/\/www.hope-deutschland.de\/index.php?rest_route=\/wp\/v2\/pages\/23\/revisions"}],"predecessor-version":[{"id":4944,"href":"https:\/\/www.hope-deutschland.de\/index.php?rest_route=\/wp\/v2\/pages\/23\/revisions\/4944"}],"wp:attachment":[{"href":"https:\/\/www.hope-deutschland.de\/index.php?rest_route=%2Fwp%2Fv2%2Fmedia&parent=23"}],"curies":[{"name":"wp","href":"https:\/\/api.w.org\/{rel}","templated":true}]}}