{"id":33,"date":"2010-11-25T12:14:18","date_gmt":"2010-11-25T12:14:18","guid":{"rendered":"http:\/\/www.hope-deutschland.de\/?page_id=33"},"modified":"2024-04-30T08:06:01","modified_gmt":"2024-04-30T06:06:01","slug":"hope-2","status":"publish","type":"page","link":"https:\/\/www.hope-deutschland.de\/?page_id=33","title":{"rendered":"\u00dcber hope"},"content":{"rendered":"<div id=\"attachment_3889\" style=\"width: 1010px\" class=\"wp-caption alignleft\"><a href=\"http:\/\/www.hope-deutschland.de\/wp-content\/uploads\/2019\/03\/Mitglieder-hope-2019.jpg\"><img loading=\"lazy\" decoding=\"async\" aria-describedby=\"caption-attachment-3889\" class=\"size-full wp-image-3889\" src=\"http:\/\/www.hope-deutschland.de\/wp-content\/uploads\/2019\/03\/Mitglieder-hope-2019.jpg\" alt=\"\" width=\"1000\" height=\"667\" srcset=\"https:\/\/www.hope-deutschland.de\/wp-content\/uploads\/2019\/03\/Mitglieder-hope-2019.jpg 1000w, https:\/\/www.hope-deutschland.de\/wp-content\/uploads\/2019\/03\/Mitglieder-hope-2019-300x200.jpg 300w, https:\/\/www.hope-deutschland.de\/wp-content\/uploads\/2019\/03\/Mitglieder-hope-2019-768x512.jpg 768w\" sizes=\"auto, (max-width: 1000px) 100vw, 1000px\" \/><\/a><p id=\"caption-attachment-3889\" class=\"wp-caption-text\">v. lks.: Ulli J\u00e4ger, Manu Seith, Klaus Boch, Sandy Lehmann, Birgit Stolz-Hoffmann, Volker Lehmann, Marlies Huber-Boch, Hubert Bubenitschek; nicht im Bild: Sophia Poll, Monika Ratzel <br \/>&nbsp;<br \/>&nbsp;<br \/>&nbsp;<br \/>&nbsp;<br \/><strong>Februar 2010: Der Anfang<br \/><\/strong>Mein Mann Klaus und ich haben uns dazu entschlossen, mit 5 Freunden den Verein hope e.V. ins Leben zu rufen. Ausschlaggebend f\u00fcr die Vereinsgr\u00fcndung war die Tatsache, dass uns die schwierigen Lebenssituationen der Menschen in Westkenia vertraut sind und wir zum damaligen Zeitpunkt bereits auf eine \u00fcber 10 j\u00e4hrige Erfahrung mit Hilfsprojekten in Kenia zur\u00fcckblicken konnten.<br \/>Au\u00dferdem verf\u00fcgten bzw. verf\u00fcgen wir \u00fcber gewachsene Beziehungen zu zuverl\u00e4ssigen, kompetenten und erfahrenen Fachkr\u00e4ften in Westkenia.<br \/>Frauen und Kinder sind in allen Notstandsgebieten stets am schlimmsten betroffen. Deshalb haben wir uns zur Aufgabe gemacht, humanit\u00e4re Projekte f\u00fcr Kinder und Frauen zu initiieren und zu unterst\u00fctzen. Gemeinsam mit den Betroffenen entwickeln wir auf partnerschaftlicher Ebene die notwendigen Unterst\u00fctzungsprogramme.<br \/>Partnerschaftliche Entwicklung bedeutet, wir &nbsp;<\/p><\/div>\n<p>&nbsp;<\/p>\n<ul>\n<li style=\"list-style-type: none;\">\n<ul>\n<li style=\"list-style-type: none;\">\n<ul>\n<li style=\"list-style-type: none;\">\n<ul>\n<li>betrachten in Not geratene Menschen als gleichwertige, m\u00fcndige Partner<\/li>\n<\/ul>\n<\/li>\n<\/ul>\n<p>&nbsp;<\/p>\n<p>&nbsp;<\/li>\n<\/ul>\n<\/li>\n<\/ul>\n<p>&nbsp;<\/p>\n<p>&nbsp;<\/p>\n<p>&nbsp;<\/p>\n<ul>\n<li style=\"list-style-type: none;\">\n<ul>\n<li style=\"list-style-type: none;\">\n<ul>\n<li style=\"list-style-type: none;\">\n<ul>\n<li>respektieren die W\u00fcrde der in Not Geratenen<\/li>\n<\/ul>\n<\/li>\n<\/ul>\n<p>&nbsp;<\/p>\n<p>&nbsp;<\/li>\n<\/ul>\n<\/li>\n<\/ul>\n<p>&nbsp;<\/p>\n<p>&nbsp;<\/p>\n<p>&nbsp;<\/p>\n<ul>\n<li style=\"list-style-type: none;\">\n<ul>\n<li style=\"list-style-type: none;\">\n<ul>\n<li style=\"list-style-type: none;\">\n<ul>\n<li>beziehen die Ideen, die Kreativit\u00e4t und die St\u00e4rken der Betroffenen in die Programme mit ein.<\/li>\n<\/ul>\n<\/li>\n<\/ul>\n<p>&nbsp;<\/p>\n<p>&nbsp;<\/li>\n<\/ul>\n<\/li>\n<\/ul>\n<p>&nbsp;<\/p>\n<p>&nbsp;<br \/>\nWir arbeiten mit&nbsp; Selbsthilfegruppen vor Ort zusammen, die ausschlie\u00dflich von Frauen organisiert sind und die sich um die Waisenkinder in der Region k\u00fcmmern.<br \/>\n<br \/>\nVor Ort werden die Unterst\u00fctzungsprogramme von ausgebildeten Sozialarbeitern unterst\u00fctzt.<br \/>\nDie Region &#8222;Vihiga -County&#8220; ist eine der \u00e4rmsten Gebiete in Kenia. Hier gibt es keinerlei Infrastruktur. &#8222;Western &#8211; Province&#8220; liegt ca. 50 km westlich des Viktoria &#8211; Sees. Die n\u00e4chstgelegene gr\u00f6\u00dfere Stadt ist Kisumu.<br \/>\nDer sehr sch\u00f6ne und abwechslungsreiche Landstrich zeigt sich das ganze Jahr \u00fcber in einem kr\u00e4ftigen Gr\u00fcn. Allerdings haben sich hier aufgrund der globalen Klimaerw\u00e4rmung die Regenzeiten deutlich verschoben, was immer \u00f6fter Ernteausf\u00e4lle mit fatalen Folgen f\u00fcr die Bev\u00f6lkerung nach sich zieht.<\/p>\n<p><a href=\"http:\/\/www.hope-deutschland.de\/wp-content\/uploads\/2010\/11\/Karte-mit-Mbale.jpg\"><img loading=\"lazy\" decoding=\"async\" class=\"size-large wp-image-2149 \" title=\"Karte mit Mbale\" src=\"http:\/\/www.hope-deutschland.de\/wp-content\/uploads\/2010\/11\/Karte-mit-Mbale-842x1024.jpg\" alt=\"\" width=\"640\" height=\"778\" srcset=\"https:\/\/www.hope-deutschland.de\/wp-content\/uploads\/2010\/11\/Karte-mit-Mbale-842x1024.jpg 842w, https:\/\/www.hope-deutschland.de\/wp-content\/uploads\/2010\/11\/Karte-mit-Mbale-246x300.jpg 246w, https:\/\/www.hope-deutschland.de\/wp-content\/uploads\/2010\/11\/Karte-mit-Mbale.jpg 1117w\" sizes=\"auto, (max-width: 640px) 100vw, 640px\" \/><\/a> Unser Projekt liegt im Westen von Kenia in der N\u00e4he des Lake Viktoria.<\/p>\n<p>Die Armut der Menschen ist unvorstellbar gro\u00df. Verst\u00e4rkt wird das Leid durch die hohe Ansteckungsrate mit dem HIV-Virus, was neben Malaria \u2013 wie im gesamten Afrika \u2013 das gr\u00f6\u00dfte gesundheitliche Problem darstellt.<\/p>\n<p><a href=\"http:\/\/www.hope-deutschland.de\/wp-content\/uploads\/Frau-mit-Baby.jpg\"><img loading=\"lazy\" decoding=\"async\" title=\"Frau mit Baby\" src=\"http:\/\/www.hope-deutschland.de\/wp-content\/uploads\/Frau-mit-Baby.jpg\" alt=\"\" width=\"500\" height=\"419\"><\/a><\/p>\n<p>Unsere Unterst\u00fctzungsprogramme umfassen:<\/p>\n<ul>\n<li>Betreuung von Kindergartenkindern<\/li>\n<li>Besch\u00e4ftigungsm\u00f6glichkeiten f\u00fcr Frauen<\/li>\n<li>Unterst\u00fctzung einheimischer Familien, die in gro\u00dfer Not sind<\/li>\n<li>schulische Grundbildung (auch f\u00fcr behinderte Kinder)<\/li>\n<li>Sexualaufkl\u00e4rung f\u00fcr M\u00e4dchen und junge Frauen<\/li>\n<li>Aufkl\u00e4rung \u00fcber die Ansteckungs-gefahren mit dem HIV \u2013 Virus<\/li>\n<li>medizinische Hilfe (medical camps).<\/li>\n<\/ul>\n<p>Marlies Huber-Boch, 1 Vorsitzende<\/p>\n","protected":false},"excerpt":{"rendered":"<p>&nbsp; betrachten in Not geratene Menschen als gleichwertige, m\u00fcndige Partner &nbsp; &nbsp; &nbsp; &nbsp; &nbsp; respektieren die W\u00fcrde der in Not Geratenen &nbsp; &nbsp; &nbsp; &nbsp; &nbsp; beziehen die Ideen, die Kreativit\u00e4t und die St\u00e4rken der Betroffenen in die Programme mit ein. &nbsp; &nbsp; &nbsp; &nbsp; Wir arbeiten mit&nbsp; Selbsthilfegruppen vor Ort zusammen, die ausschlie\u00dflich [&hellip;]<\/p>\n","protected":false},"author":1,"featured_media":0,"parent":0,"menu_order":1,"comment_status":"closed","ping_status":"closed","template":"","meta":{"ngg_post_thumbnail":0,"footnotes":""},"class_list":["post-33","page","type-page","status-publish","hentry"],"_links":{"self":[{"href":"https:\/\/www.hope-deutschland.de\/index.php?rest_route=\/wp\/v2\/pages\/33","targetHints":{"allow":["GET"]}}],"collection":[{"href":"https:\/\/www.hope-deutschland.de\/index.php?rest_route=\/wp\/v2\/pages"}],"about":[{"href":"https:\/\/www.hope-deutschland.de\/index.php?rest_route=\/wp\/v2\/types\/page"}],"author":[{"embeddable":true,"href":"https:\/\/www.hope-deutschland.de\/index.php?rest_route=\/wp\/v2\/users\/1"}],"replies":[{"embeddable":true,"href":"https:\/\/www.hope-deutschland.de\/index.php?rest_route=%2Fwp%2Fv2%2Fcomments&post=33"}],"version-history":[{"count":24,"href":"https:\/\/www.hope-deutschland.de\/index.php?rest_route=\/wp\/v2\/pages\/33\/revisions"}],"predecessor-version":[{"id":4536,"href":"https:\/\/www.hope-deutschland.de\/index.php?rest_route=\/wp\/v2\/pages\/33\/revisions\/4536"}],"wp:attachment":[{"href":"https:\/\/www.hope-deutschland.de\/index.php?rest_route=%2Fwp%2Fv2%2Fmedia&parent=33"}],"curies":[{"name":"wp","href":"https:\/\/api.w.org\/{rel}","templated":true}]}}